{"id":128,"date":"2025-12-06T18:28:09","date_gmt":"2025-12-06T18:28:09","guid":{"rendered":"https:\/\/ozlembayakir.com.tr\/?page_id=128"},"modified":"2025-12-20T17:29:11","modified_gmt":"2025-12-20T17:29:11","slug":"ana-sayfa","status":"publish","type":"page","link":"https:\/\/ozlembayakir.com.tr\/","title":{"rendered":"Ana Sayfa"},"content":{"rendered":"\t\t<div data-elementor-type=\"wp-page\" data-elementor-id=\"128\" class=\"elementor elementor-128\">\n\t\t\t\t<div class=\"elementor-element elementor-element-3626aab e-grid e-con-boxed e-con e-parent\" data-id=\"3626aab\" data-element_type=\"container\" data-settings=\"{&quot;background_background&quot;:&quot;classic&quot;}\">\n\t\t\t\t\t<div class=\"e-con-inner\">\n\t\t\t\t\t<\/div>\n\t\t\t\t<\/div>\n\t\t<div class=\"elementor-element elementor-element-ba766ef e-flex e-con-boxed e-con e-parent\" data-id=\"ba766ef\" data-element_type=\"container\">\n\t\t\t\t\t<div class=\"e-con-inner\">\n\t\t<div class=\"elementor-element elementor-element-62ddffe e-con-full e-flex e-con e-child\" data-id=\"62ddffe\" data-element_type=\"container\">\n\t\t\t\t<div class=\"elementor-element elementor-element-2b0ff43 elementor-widget elementor-widget-image\" data-id=\"2b0ff43\" data-element_type=\"widget\" data-widget_type=\"image.default\">\n\t\t\t\t\t\t\t\t\t\t\t\t\t\t\t<img decoding=\"async\" src=\"https:\/\/ozlembayakir.com.tr\/wp-content\/uploads\/2025\/01\/samsun-smmm-odasi-logo.png\" title=\"samsun smmm odas\u0131 logo\" alt=\"samsun smmm odas\u0131 logo\" loading=\"lazy\" \/>\t\t\t\t\t\t\t\t\t\t\t\t\t\t\t<\/div>\n\t\t\t\t<\/div>\n\t\t\t\t\t<\/div>\n\t\t\t\t<\/div>\n\t\t<div class=\"elementor-element elementor-element-b4fff13 e-flex e-con-boxed e-con e-parent\" data-id=\"b4fff13\" data-element_type=\"container\">\n\t\t\t\t\t<div class=\"e-con-inner\">\n\t\t<div class=\"elementor-element elementor-element-d886809 e-con-full e-flex e-con e-child\" data-id=\"d886809\" data-element_type=\"container\">\n\t\t\t\t<div class=\"elementor-element elementor-element-ab3c76e elementor-widget elementor-widget-image\" data-id=\"ab3c76e\" data-element_type=\"widget\" data-widget_type=\"image.default\">\n\t\t\t\t\t\t\t\t\t\t\t\t\t\t\t<img fetchpriority=\"high\" decoding=\"async\" width=\"1000\" height=\"1000\" src=\"https:\/\/ozlembayakir.com.tr\/wp-content\/uploads\/2025\/12\/dunya.gif\" class=\"attachment-large size-large wp-image-164\" alt=\"\" \/>\t\t\t\t\t\t\t\t\t\t\t\t\t\t\t<\/div>\n\t\t\t\t<\/div>\n\t\t<div class=\"elementor-element elementor-element-85e641d e-con-full e-flex e-con e-child\" data-id=\"85e641d\" data-element_type=\"container\">\n\t\t\t\t<div class=\"elementor-element elementor-element-05647de elementor-widget elementor-widget-heading\" data-id=\"05647de\" data-element_type=\"widget\" data-widget_type=\"heading.default\">\n\t\t\t\t\t<h2 class=\"elementor-heading-title elementor-size-default\">Sar\u0131cal\u0131 Mah. Cavit Pa\u015fa Cad. \u00d6zer Aprt. No:2 D:4 \u00c7ar\u015famba Samsun<\/h2>\t\t\t\t<\/div>\n\t\t\t\t<\/div>\n\t\t\t\t\t<\/div>\n\t\t\t\t<\/div>\n\t\t\t\t<\/div>\n\t\t","protected":false},"excerpt":{"rendered":"<p>Sar\u0131cal\u0131 Mah. Cavit Pa\u015fa Cad. \u00d6zer Aprt. No:2 D:4 \u00c7ar\u015famba Samsun<\/p>\n","protected":false},"author":1,"featured_media":0,"parent":0,"menu_order":0,"comment_status":"closed","ping_status":"closed","template":"","meta":{"_kad_post_transparent":"","_kad_post_title":"hide","_kad_post_layout":"fullwidth","_kad_post_sidebar_id":"","_kad_post_content_style":"unboxed","_kad_post_vertical_padding":"hide","_kad_post_feature":"hide","_kad_post_feature_position":"","_kad_post_header":false,"_kad_post_footer":false,"_kad_post_classname":"","footnotes":""},"class_list":["post-128","page","type-page","status-publish","hentry"],"_links":{"self":[{"href":"https:\/\/ozlembayakir.com.tr\/index.php?rest_route=\/wp\/v2\/pages\/128","targetHints":{"allow":["GET"]}}],"collection":[{"href":"https:\/\/ozlembayakir.com.tr\/index.php?rest_route=\/wp\/v2\/pages"}],"about":[{"href":"https:\/\/ozlembayakir.com.tr\/index.php?rest_route=\/wp\/v2\/types\/page"}],"author":[{"embeddable":true,"href":"https:\/\/ozlembayakir.com.tr\/index.php?rest_route=\/wp\/v2\/users\/1"}],"replies":[{"embeddable":true,"href":"https:\/\/ozlembayakir.com.tr\/index.php?rest_route=%2Fwp%2Fv2%2Fcomments&post=128"}],"version-history":[{"count":46,"href":"https:\/\/ozlembayakir.com.tr\/index.php?rest_route=\/wp\/v2\/pages\/128\/revisions"}],"predecessor-version":[{"id":186,"href":"https:\/\/ozlembayakir.com.tr\/index.php?rest_route=\/wp\/v2\/pages\/128\/revisions\/186"}],"wp:attachment":[{"href":"https:\/\/ozlembayakir.com.tr\/index.php?rest_route=%2Fwp%2Fv2%2Fmedia&parent=128"}],"curies":[{"name":"wp","href":"https:\/\/api.w.org\/{rel}","templated":true}]}}